{"id":17,"date":"2022-06-18T13:23:40","date_gmt":"2022-06-18T13:23:40","guid":{"rendered":"https:\/\/www.seratio.li\/?page_id=17"},"modified":"2023-09-12T10:43:56","modified_gmt":"2023-09-12T08:43:56","slug":"impressum","status":"publish","type":"page","link":"https:\/\/www.seratio.li\/de\/impressum\/","title":{"rendered":"Impressum"},"content":{"rendered":"\n<p><strong>SERATIO Law &amp; Tax<\/strong><br>Werdenbergerweg 11<br>P.O. Box 749<br>FL-9490 Vaduz<\/p>\n\n\n\n<p>T +423 236 10 10<br>F +423 236 10 11<\/p>\n\n\n\n<h2 class=\"wp-block-heading\">Gesch\u00e4ftsf\u00fchrung<\/h2>\n\n\n\n<p>Dr. iur. Myriam Gst\u00f6hl-Wachter, LLM<br>Tax Expert | Managing Partner<br>m.gstoehl@seratio.li<\/p>\n\n\n\n<p>Gesellschaftsform: Treuunternehmen<br>Handelsregister: Vaduz FL-0001.006.416-0<br>Gerichtsstand: Vaduz<br>Mitgliedschaften: Liechtensteiner Treuhandkammer<br>Anwendbare Rechtsvorschriften: PGR Personen- und Gesellschaftsrecht<br>Aufsichtsbeh\u00f6rde: FMA Finanzmarktaufsicht Liechtenstein<\/p>\n\n\n\n<h2 class=\"wp-block-heading\">Urheberrechte<\/h2>\n\n\n\n<p>Die Inhalte dieser Homepage (Text- und Bildmaterial) werden Internet-Nutzern ausschlie\u00dflich zum privaten, eigenen Gebrauch zur Verf\u00fcgung gestellt. Jede gewerbliche Nutzung der Inhalte bedarf der schriftlichen Genehmigung durch die SERCOR Group. Das ausschlie\u00dfliche Nutzungsrecht f\u00fcr die Texte und Bilder liegt beim Betreiber dieser Webseite. Ausgenommen sind unver\u00e4nderte lizenzfreie Bilder.<\/p>\n\n\n\n<h3 class=\"wp-block-heading\">Konzeption und Gestaltung<\/h3>\n\n\n\n<p>studio spitzar, Dornbirn, \u00d6sterreich<br>Artistic Direction &#8211; Marco Spitzar<br>Design &#8211; Mario Brugger<br>Project Management &#8211; Anita Greber<\/p>\n\n\n\n<h3 class=\"wp-block-heading\">Programmierung und Hosting<\/h3>\n\n\n\n<p>creativemedia AG, Schaan, Liechtenstein<\/p>\n","protected":false},"excerpt":{"rendered":"<p>SERATIO Law &amp; TaxWerdenbergerweg 11P.O. Box 749FL-9490 Vaduz T +423 236 10 10F +423 236 10 11 Gesch\u00e4ftsf\u00fchrung Dr. iur. Myriam Gst\u00f6hl-Wachter, LLMTax Expert | Managing Partnerm.gstoehl@seratio.li Gesellschaftsform: TreuunternehmenHandelsregister: Vaduz FL-0001.006.416-0Gerichtsstand: VaduzMitgliedschaften: Liechtensteiner TreuhandkammerAnwendbare Rechtsvorschriften: PGR Personen- und GesellschaftsrechtAufsichtsbeh\u00f6rde: FMA Finanzmarktaufsicht Liechtenstein Urheberrechte Die Inhalte dieser Homepage (Text- und Bildmaterial) werden Internet-Nutzern ausschlie\u00dflich zum privaten, [&hellip;]<\/p>\n","protected":false},"author":1,"featured_media":0,"parent":0,"menu_order":0,"comment_status":"closed","ping_status":"closed","template":"","meta":{"_seopress_robots_primary_cat":"","_seopress_titles_title":"","_seopress_titles_desc":"","_seopress_robots_index":"yes","footnotes":""},"class_list":["post-17","page","type-page","status-publish","hentry"],"meta_box":[],"_links":{"self":[{"href":"https:\/\/www.seratio.li\/de\/wp-json\/wp\/v2\/pages\/17","targetHints":{"allow":["GET"]}}],"collection":[{"href":"https:\/\/www.seratio.li\/de\/wp-json\/wp\/v2\/pages"}],"about":[{"href":"https:\/\/www.seratio.li\/de\/wp-json\/wp\/v2\/types\/page"}],"author":[{"embeddable":true,"href":"https:\/\/www.seratio.li\/de\/wp-json\/wp\/v2\/users\/1"}],"replies":[{"embeddable":true,"href":"https:\/\/www.seratio.li\/de\/wp-json\/wp\/v2\/comments?post=17"}],"version-history":[{"count":3,"href":"https:\/\/www.seratio.li\/de\/wp-json\/wp\/v2\/pages\/17\/revisions"}],"predecessor-version":[{"id":472,"href":"https:\/\/www.seratio.li\/de\/wp-json\/wp\/v2\/pages\/17\/revisions\/472"}],"wp:attachment":[{"href":"https:\/\/www.seratio.li\/de\/wp-json\/wp\/v2\/media?parent=17"}],"curies":[{"name":"wp","href":"https:\/\/api.w.org\/{rel}","templated":true}]}}